{"id":206,"date":"2022-09-14T20:41:07","date_gmt":"2022-09-14T20:41:07","guid":{"rendered":"https:\/\/macaronka.hu\/?page_id=206"},"modified":"2026-01-28T15:27:30","modified_gmt":"2026-01-28T14:27:30","slug":"elerhetoseg","status":"publish","type":"page","link":"https:\/\/macaronka.hu\/index.php\/elerhetoseg\/","title":{"rendered":"El\u00e9rhet\u0151s\u00e9g"},"content":{"rendered":"\n<div class=\"wp-block-media-text alignwide is-stacked-on-mobile\" style=\"grid-template-columns:43% auto\"><figure class=\"wp-block-media-text__media\"><img loading=\"lazy\" decoding=\"async\" width=\"1024\" height=\"592\" src=\"https:\/\/macaronka.hu\/wp-content\/uploads\/2022\/09\/Szekesfehervar-1024x592.jpg\" alt=\"\" class=\"wp-image-208 size-full\" srcset=\"https:\/\/macaronka.hu\/wp-content\/uploads\/2022\/09\/Szekesfehervar-1024x592.jpg 1024w, https:\/\/macaronka.hu\/wp-content\/uploads\/2022\/09\/Szekesfehervar-300x174.jpg 300w, https:\/\/macaronka.hu\/wp-content\/uploads\/2022\/09\/Szekesfehervar-768x444.jpg 768w, https:\/\/macaronka.hu\/wp-content\/uploads\/2022\/09\/Szekesfehervar.jpg 1345w\" sizes=\"auto, (max-width: 1024px) 100vw, 1024px\" \/><\/figure><div class=\"wp-block-media-text__content\">\n<p class=\"has-medium-font-size wp-block-paragraph\"><strong>Sz\u00e9kesfeh\u00e9rv\u00e1r-<\/strong> itt biztosan megtal\u00e1lhatsz minket &#8230;.<\/p>\n\n\n\n<p class=\"wp-block-paragraph\">Ha \u00edrni szeretn\u00e9l priv\u00e1t \u00fczenetben a: <em><strong>macaronka2020@gmail.com<\/strong><\/em><\/p>\n\n\n\n<p class=\"wp-block-paragraph\">vagy az <\/p>\n\n\n\n<p class=\"wp-block-paragraph\"><em><strong>armion73@gmail.com<\/strong><\/em>  c\u00edmeken is el\u00e9rsz.  <\/p>\n\n\n\n<p class=\"wp-block-paragraph\"><\/p>\n<\/div><\/div>\n","protected":false},"excerpt":{"rendered":"<p>Sz\u00e9kesfeh\u00e9rv\u00e1r- itt biztosan megtal\u00e1lhatsz minket &#8230;. Ha \u00edrni szeretn\u00e9l priv\u00e1t \u00fczenetben a: macaronka2020@gmail.com vagy az armion73@gmail.com c\u00edmeken is el\u00e9rsz.<\/p>\n","protected":false},"author":3,"featured_media":0,"parent":0,"menu_order":0,"comment_status":"closed","ping_status":"closed","template":"","meta":{"_crdt_document":"","footnotes":""},"class_list":["post-206","page","type-page","status-publish","hentry"],"_links":{"self":[{"href":"https:\/\/macaronka.hu\/index.php\/wp-json\/wp\/v2\/pages\/206","targetHints":{"allow":["GET"]}}],"collection":[{"href":"https:\/\/macaronka.hu\/index.php\/wp-json\/wp\/v2\/pages"}],"about":[{"href":"https:\/\/macaronka.hu\/index.php\/wp-json\/wp\/v2\/types\/page"}],"author":[{"embeddable":true,"href":"https:\/\/macaronka.hu\/index.php\/wp-json\/wp\/v2\/users\/3"}],"replies":[{"embeddable":true,"href":"https:\/\/macaronka.hu\/index.php\/wp-json\/wp\/v2\/comments?post=206"}],"version-history":[{"count":5,"href":"https:\/\/macaronka.hu\/index.php\/wp-json\/wp\/v2\/pages\/206\/revisions"}],"predecessor-version":[{"id":1173,"href":"https:\/\/macaronka.hu\/index.php\/wp-json\/wp\/v2\/pages\/206\/revisions\/1173"}],"wp:attachment":[{"href":"https:\/\/macaronka.hu\/index.php\/wp-json\/wp\/v2\/media?parent=206"}],"curies":[{"name":"wp","href":"https:\/\/api.w.org\/{rel}","templated":true}]}}